{"id":102,"date":"2018-11-16T08:20:08","date_gmt":"2018-11-16T08:20:08","guid":{"rendered":"https:\/\/www.sedeenchina.com\/fr\/?page_id=102"},"modified":"2019-12-30T16:47:08","modified_gmt":"2019-12-30T16:47:08","slug":"accueil","status":"publish","type":"page","link":"https:\/\/www.sedeenchina.com\/fr\/","title":{"rendered":"Accueil"},"content":{"rendered":"\t\t<div data-elementor-type=\"wp-page\" data-elementor-id=\"102\" class=\"elementor elementor-102\" data-elementor-post-type=\"page\">\n\t\t\t\t\t\t<section class=\"elementor-section elementor-top-section elementor-element elementor-element-3baae65b elementor-section-height-full elementor-section-content-middle elementor-section-boxed elementor-section-height-default elementor-section-items-middle\" data-id=\"3baae65b\" data-element_type=\"section\" data-e-type=\"section\" data-settings=\"{&quot;background_background&quot;:&quot;classic&quot;}\">\n\t\t\t\t\t\t\t<div class=\"elementor-background-overlay\"><\/div>\n\t\t\t\t\t\t\t<div class=\"elementor-container elementor-column-gap-default\">\n\t\t\t\t\t<div class=\"elementor-column elementor-col-100 elementor-top-column elementor-element elementor-element-60935a5\" data-id=\"60935a5\" data-element_type=\"column\" data-e-type=\"column\">\n\t\t\t<div class=\"elementor-widget-wrap elementor-element-populated\">\n\t\t\t\t\t\t<div class=\"elementor-element elementor-element-25ad76e6 elementor-widget elementor-widget-heading\" data-id=\"25ad76e6\" data-element_type=\"widget\" data-e-type=\"widget\" data-widget_type=\"heading.default\">\n\t\t\t\t<div class=\"elementor-widget-container\">\n\t\t\t\t\t<h1 class=\"elementor-heading-title elementor-size-default\">Services aux entreprises qui souhaitent d\u00e9velopper des projets en Asie<\/h1>\t\t\t\t<\/div>\n\t\t\t\t<\/div>\n\t\t\t\t\t<\/div>\n\t\t<\/div>\n\t\t\t\t\t<\/div>\n\t\t<\/section>\n\t\t\t\t<section class=\"elementor-section elementor-top-section elementor-element elementor-element-47909f9c elementor-section-content-middle elementor-section-boxed elementor-section-height-default elementor-section-height-default\" data-id=\"47909f9c\" data-element_type=\"section\" data-e-type=\"section\">\n\t\t\t\t\t\t<div class=\"elementor-container elementor-column-gap-no\">\n\t\t\t\t\t<div class=\"elementor-column elementor-col-100 elementor-top-column elementor-element elementor-element-6fab55c4\" data-id=\"6fab55c4\" data-element_type=\"column\" data-e-type=\"column\">\n\t\t\t<div class=\"elementor-widget-wrap elementor-element-populated\">\n\t\t\t\t\t\t<div class=\"elementor-element elementor-element-7b1da8dd elementor-widget elementor-widget-heading\" data-id=\"7b1da8dd\" data-element_type=\"widget\" data-e-type=\"widget\" data-widget_type=\"heading.default\">\n\t\t\t\t<div class=\"elementor-widget-container\">\n\t\t\t\t\t<h4 class=\"elementor-heading-title elementor-size-default\">Nous travaillons avec<\/h4>\t\t\t\t<\/div>\n\t\t\t\t<\/div>\n\t\t\t\t<section class=\"elementor-section elementor-inner-section elementor-element elementor-element-5840cf79 elementor-section-content-middle elementor-section-boxed elementor-section-height-default elementor-section-height-default\" data-id=\"5840cf79\" data-element_type=\"section\" data-e-type=\"section\">\n\t\t\t\t\t\t<div class=\"elementor-container elementor-column-gap-no\">\n\t\t\t\t\t<div class=\"elementor-column elementor-col-33 elementor-inner-column elementor-element elementor-element-619ce588\" data-id=\"619ce588\" data-element_type=\"column\" data-e-type=\"column\">\n\t\t\t<div class=\"elementor-widget-wrap elementor-element-populated\">\n\t\t\t\t\t\t<div class=\"elementor-element elementor-element-1da08895 elementor-position-top elementor-widget elementor-widget-image-box\" data-id=\"1da08895\" data-element_type=\"widget\" data-e-type=\"widget\" data-widget_type=\"image-box.default\">\n\t\t\t\t<div class=\"elementor-widget-container\">\n\t\t\t\t\t<div class=\"elementor-image-box-wrapper\"><figure class=\"elementor-image-box-img\"><img fetchpriority=\"high\" decoding=\"async\" width=\"4876\" height=\"3251\" src=\"https:\/\/www.sedeenchina.com\/fr\/wp-content\/uploads\/2019\/12\/austin-distel-va_Opp86kfQ-unsplash_1.jpg\" class=\"attachment-full size-full wp-image-369\" alt=\"\" srcset=\"https:\/\/www.sedeenchina.com\/fr\/wp-content\/uploads\/2019\/12\/austin-distel-va_Opp86kfQ-unsplash_1.jpg 4876w, https:\/\/www.sedeenchina.com\/fr\/wp-content\/uploads\/2019\/12\/austin-distel-va_Opp86kfQ-unsplash_1-300x200.jpg 300w, https:\/\/www.sedeenchina.com\/fr\/wp-content\/uploads\/2019\/12\/austin-distel-va_Opp86kfQ-unsplash_1-768x512.jpg 768w, https:\/\/www.sedeenchina.com\/fr\/wp-content\/uploads\/2019\/12\/austin-distel-va_Opp86kfQ-unsplash_1-1024x683.jpg 1024w\" sizes=\"(max-width: 4876px) 100vw, 4876px\" \/><\/figure><div class=\"elementor-image-box-content\"><h3 class=\"elementor-image-box-title\">Freelancers <\/h3><p class=\"elementor-image-box-description\">Soutien aux ind\u00e9pendants qui souhaitent commencer \u00e0 faire des affaires en Chine. Import et export, Dropshipping, Amazon FBA ... contactez-nous et r\u00e9solvez vos doutes.<br><br><br><\/p><\/div><\/div>\t\t\t\t<\/div>\n\t\t\t\t<\/div>\n\t\t\t\t\t<\/div>\n\t\t<\/div>\n\t\t\t\t<div class=\"elementor-column elementor-col-33 elementor-inner-column elementor-element elementor-element-56c676fc\" data-id=\"56c676fc\" data-element_type=\"column\" data-e-type=\"column\">\n\t\t\t<div class=\"elementor-widget-wrap elementor-element-populated\">\n\t\t\t\t\t\t<div class=\"elementor-element elementor-element-1a54166f elementor-position-top elementor-widget elementor-widget-image-box\" data-id=\"1a54166f\" data-element_type=\"widget\" data-e-type=\"widget\" data-widget_type=\"image-box.default\">\n\t\t\t\t<div class=\"elementor-widget-container\">\n\t\t\t\t\t<div class=\"elementor-image-box-wrapper\"><figure class=\"elementor-image-box-img\"><img decoding=\"async\" width=\"2560\" height=\"1707\" src=\"https:\/\/www.sedeenchina.com\/fr\/wp-content\/uploads\/2019\/12\/austin-distel-mpN7xjKQ_Ns-unsplash_1-1-1-scaled.jpg\" class=\"attachment-full size-full wp-image-370\" alt=\"\" srcset=\"https:\/\/www.sedeenchina.com\/fr\/wp-content\/uploads\/2019\/12\/austin-distel-mpN7xjKQ_Ns-unsplash_1-1-1-scaled.jpg 2560w, https:\/\/www.sedeenchina.com\/fr\/wp-content\/uploads\/2019\/12\/austin-distel-mpN7xjKQ_Ns-unsplash_1-1-1-scaled-300x200.jpg 300w, https:\/\/www.sedeenchina.com\/fr\/wp-content\/uploads\/2019\/12\/austin-distel-mpN7xjKQ_Ns-unsplash_1-1-1-scaled-768x512.jpg 768w, https:\/\/www.sedeenchina.com\/fr\/wp-content\/uploads\/2019\/12\/austin-distel-mpN7xjKQ_Ns-unsplash_1-1-1-scaled-1024x683.jpg 1024w\" sizes=\"(max-width: 2560px) 100vw, 2560px\" \/><\/figure><div class=\"elementor-image-box-content\"><h3 class=\"elementor-image-box-title\">Petite entreprise<\/h3><p class=\"elementor-image-box-description\">Nous sommes votre partenaire id\u00e9al pour commencer \u00e0 d\u00e9velopper des projets en Chine. De d\u00e9placer votre production en Chine pour g\u00e9rer les exp\u00e9ditions de vos produits. L'expansion de votre entreprise n'a jamais \u00e9t\u00e9 aussi facile.<br><br><\/p><\/div><\/div>\t\t\t\t<\/div>\n\t\t\t\t<\/div>\n\t\t\t\t\t<\/div>\n\t\t<\/div>\n\t\t\t\t<div class=\"elementor-column elementor-col-33 elementor-inner-column elementor-element elementor-element-723cb132\" data-id=\"723cb132\" data-element_type=\"column\" data-e-type=\"column\">\n\t\t\t<div class=\"elementor-widget-wrap elementor-element-populated\">\n\t\t\t\t\t\t<div class=\"elementor-element elementor-element-3108d228 elementor-position-top elementor-widget elementor-widget-image-box\" data-id=\"3108d228\" data-element_type=\"widget\" data-e-type=\"widget\" data-widget_type=\"image-box.default\">\n\t\t\t\t<div class=\"elementor-widget-container\">\n\t\t\t\t\t<div class=\"elementor-image-box-wrapper\"><figure class=\"elementor-image-box-img\"><img decoding=\"async\" width=\"2299\" height=\"1527\" src=\"https:\/\/www.sedeenchina.com\/fr\/wp-content\/uploads\/2019\/12\/floriane-vita-FyD3OWBuXnY-unsplash_1.jpg\" class=\"attachment-full size-full wp-image-371\" alt=\"\" srcset=\"https:\/\/www.sedeenchina.com\/fr\/wp-content\/uploads\/2019\/12\/floriane-vita-FyD3OWBuXnY-unsplash_1.jpg 2299w, https:\/\/www.sedeenchina.com\/fr\/wp-content\/uploads\/2019\/12\/floriane-vita-FyD3OWBuXnY-unsplash_1-300x199.jpg 300w, https:\/\/www.sedeenchina.com\/fr\/wp-content\/uploads\/2019\/12\/floriane-vita-FyD3OWBuXnY-unsplash_1-768x510.jpg 768w, https:\/\/www.sedeenchina.com\/fr\/wp-content\/uploads\/2019\/12\/floriane-vita-FyD3OWBuXnY-unsplash_1-1024x680.jpg 1024w\" sizes=\"(max-width: 2299px) 100vw, 2299px\" \/><\/figure><div class=\"elementor-image-box-content\"><h3 class=\"elementor-image-box-title\">Grandes entreprises<\/h3><p class=\"elementor-image-box-description\">Processus d'impl\u00e9mentation en Chine, d\u00e9localisation de la production, prototypage, etc.\nNous avons une grande expertise dans les campagnes de ce type \u00e0 l'\u00e9chelle mondiale.<br><br><br><\/p><\/div><\/div>\t\t\t\t<\/div>\n\t\t\t\t<\/div>\n\t\t\t\t\t<\/div>\n\t\t<\/div>\n\t\t\t\t\t<\/div>\n\t\t<\/section>\n\t\t\t\t\t<\/div>\n\t\t<\/div>\n\t\t\t\t\t<\/div>\n\t\t<\/section>\n\t\t\t\t<section class=\"elementor-section elementor-top-section elementor-element elementor-element-6808ceb2 elementor-section-boxed elementor-section-height-default elementor-section-height-default\" data-id=\"6808ceb2\" data-element_type=\"section\" data-e-type=\"section\">\n\t\t\t\t\t\t<div class=\"elementor-container elementor-column-gap-default\">\n\t\t\t\t\t<div class=\"elementor-column elementor-col-100 elementor-top-column elementor-element elementor-element-b629eee\" data-id=\"b629eee\" data-element_type=\"column\" data-e-type=\"column\">\n\t\t\t<div class=\"elementor-widget-wrap elementor-element-populated\">\n\t\t\t\t\t\t<div class=\"elementor-element elementor-element-2f92fde7 elementor-widget elementor-widget-spacer\" data-id=\"2f92fde7\" data-element_type=\"widget\" data-e-type=\"widget\" data-widget_type=\"spacer.default\">\n\t\t\t\t<div class=\"elementor-widget-container\">\n\t\t\t\t\t\t\t<div class=\"elementor-spacer\">\n\t\t\t<div class=\"elementor-spacer-inner\"><\/div>\n\t\t<\/div>\n\t\t\t\t\t\t<\/div>\n\t\t\t\t<\/div>\n\t\t\t\t\t<\/div>\n\t\t<\/div>\n\t\t\t\t\t<\/div>\n\t\t<\/section>\n\t\t\t\t<\/div>\n\t\t","protected":false},"excerpt":{"rendered":"<p>Services aux entreprises qui souhaitent d\u00e9velopper des projets en Asie Nous travaillons avec Freelancers Soutien aux ind\u00e9pendants qui souhaitent commencer \u00e0 faire des affaires en Chine. Import et export, Dropshipping, Amazon FBA &#8230; contactez-nous et r\u00e9solvez vos doutes. Petite entreprise Nous sommes votre partenaire id\u00e9al pour commencer \u00e0 d\u00e9velopper des projets en Chine. De d\u00e9placer [&hellip;]<\/p>\n","protected":false},"author":1,"featured_media":0,"parent":0,"menu_order":0,"comment_status":"closed","ping_status":"closed","template":"","meta":{"site-sidebar-layout":"no-sidebar","site-content-layout":"page-builder","ast-site-content-layout":"default","site-content-style":"default","site-sidebar-style":"default","ast-global-header-display":"","ast-banner-title-visibility":"","ast-main-header-display":"","ast-hfb-above-header-display":"","ast-hfb-below-header-display":"","ast-hfb-mobile-header-display":"","site-post-title":"disabled","ast-breadcrumbs-content":"","ast-featured-img":"disabled","footer-sml-layout":"","ast-disable-related-posts":"","theme-transparent-header-meta":"default","adv-header-id-meta":"","stick-header-meta":"","header-above-stick-meta":"","header-main-stick-meta":"","header-below-stick-meta":"","astra-migrate-meta-layouts":"default","ast-page-background-enabled":"default","ast-page-background-meta":{"desktop":{"background-color":"","background-image":"","background-repeat":"repeat","background-position":"center center","background-size":"auto","background-attachment":"scroll","background-type":"","background-media":"","overlay-type":"","overlay-color":"","overlay-opacity":"","overlay-gradient":""},"tablet":{"background-color":"","background-image":"","background-repeat":"repeat","background-position":"center center","background-size":"auto","background-attachment":"scroll","background-type":"","background-media":"","overlay-type":"","overlay-color":"","overlay-opacity":"","overlay-gradient":""},"mobile":{"background-color":"","background-image":"","background-repeat":"repeat","background-position":"center center","background-size":"auto","background-attachment":"scroll","background-type":"","background-media":"","overlay-type":"","overlay-color":"","overlay-opacity":"","overlay-gradient":""}},"ast-content-background-meta":{"desktop":{"background-color":"var(--ast-global-color-5)","background-image":"","background-repeat":"repeat","background-position":"center center","background-size":"auto","background-attachment":"scroll","background-type":"","background-media":"","overlay-type":"","overlay-color":"","overlay-opacity":"","overlay-gradient":""},"tablet":{"background-color":"var(--ast-global-color-5)","background-image":"","background-repeat":"repeat","background-position":"center center","background-size":"auto","background-attachment":"scroll","background-type":"","background-media":"","overlay-type":"","overlay-color":"","overlay-opacity":"","overlay-gradient":""},"mobile":{"background-color":"var(--ast-global-color-5)","background-image":"","background-repeat":"repeat","background-position":"center center","background-size":"auto","background-attachment":"scroll","background-type":"","background-media":"","overlay-type":"","overlay-color":"","overlay-opacity":"","overlay-gradient":""}},"footnotes":""},"class_list":["post-102","page","type-page","status-publish","hentry"],"_links":{"self":[{"href":"https:\/\/www.sedeenchina.com\/fr\/wp-json\/wp\/v2\/pages\/102","targetHints":{"allow":["GET"]}}],"collection":[{"href":"https:\/\/www.sedeenchina.com\/fr\/wp-json\/wp\/v2\/pages"}],"about":[{"href":"https:\/\/www.sedeenchina.com\/fr\/wp-json\/wp\/v2\/types\/page"}],"author":[{"embeddable":true,"href":"https:\/\/www.sedeenchina.com\/fr\/wp-json\/wp\/v2\/users\/1"}],"replies":[{"embeddable":true,"href":"https:\/\/www.sedeenchina.com\/fr\/wp-json\/wp\/v2\/comments?post=102"}],"version-history":[{"count":17,"href":"https:\/\/www.sedeenchina.com\/fr\/wp-json\/wp\/v2\/pages\/102\/revisions"}],"predecessor-version":[{"id":378,"href":"https:\/\/www.sedeenchina.com\/fr\/wp-json\/wp\/v2\/pages\/102\/revisions\/378"}],"wp:attachment":[{"href":"https:\/\/www.sedeenchina.com\/fr\/wp-json\/wp\/v2\/media?parent=102"}],"curies":[{"name":"wp","href":"https:\/\/api.w.org\/{rel}","templated":true}]}}