{"id":341,"date":"2019-03-27T21:37:52","date_gmt":"2019-03-27T21:37:52","guid":{"rendered":"https:\/\/www.sedeenchina.com\/fr\/?page_id=341"},"modified":"2019-03-27T21:37:52","modified_gmt":"2019-03-27T21:37:52","slug":"smart-shipping","status":"publish","type":"page","link":"https:\/\/www.sedeenchina.com\/fr\/smart-shipping\/","title":{"rendered":"Smart Shipping"},"content":{"rendered":"<p>[vc_row padding_top=\u00a0\u00bb0&Prime; padding_bottom=\u00a0\u00bb45&Prime;][vc_column width=\u00a0\u00bb1\/1&Prime;][vc_column_text]<\/p>\n<p style=\"text-align: center;\">[icons icon=\u00a0\u00bbcog\u00a0\u00bb size=\u00a0\u00bblarge\u00a0\u00bb type=\u00a0\u00bbcircle square\u00a0\u00bb icon_color=\u00a0\u00bb#f34a53&Prime; background_color=\u00a0\u00bb\u00a0\u00bb border_color=\u00a0\u00bb\u00a0\u00bb \/]<\/p>\n<h2 style=\"font-weight: 600; text-align: center;\">[font_size font_size=\u00a0\u00bb28px\u00a0\u00bb line_height=\u00a0\u00bb34px\u00a0\u00bb]<span style=\"color: #f34a53;\">\u00a0Dropshipping 2.0. Tu propia Central de Compras en China para diferenciarte de tus competidores<\/span>[\/font_size]<\/h2>\n<p style=\"text-align: center;\">[font_size font_size=\u00a0\u00bb16px\u00a0\u00bb line_height=\u00a0\u00bb26px\u00a0\u00bb]<span style=\"color: #999999;\">Tu propio almac\u00e9n en China con personal occidental que entiende tus necesidades.<br \/>\n<\/span>[\/font_size]<\/p>\n<p style=\"text-align: left;\">[font_size font_size=\u00a0\u00bb34px\u00a0\u00bb line_height=\u00a0\u00bb34px\u00a0\u00bb]<span style=\"color: #f34a53;\"><strong>\u00a0<\/strong><\/span><\/p>\n<h1 style=\"text-align: left;\"><span style=\"color: #000000;\"><strong>Control de Calidad antes del env\u00edo<\/strong><\/span><\/h1>\n<p>[\/font_size]<\/p>\n<p>Localizaci\u00f3n de fallos en origen.\u00a0Tras m\u00e1s de una d\u00e9cada en China, sabemos que las fabricas comprueban mejor los productos que env\u00edan cuando saben que pueden ser retornados inmediatamente.<\/p>\n<p>Devoluci\u00f3n de productos en origen. De China a China s\u00ed compensa devolver.<\/p>\n<p>Mejora del grado de satisfacci\u00f3n\/feedback: Encontraremos los fallos nosotros y no sus clientes.Para manipular productos, modificar embalajes antes de su env\u00edo al destino\/s que su empresa precise.<\/p>\n<p style=\"text-align: left;\">[font_size font_size=\u00a0\u00bb34px\u00a0\u00bb line_height=\u00a0\u00bb34px\u00a0\u00bb]<span style=\"color: #f34a53;\"><strong>\u00a0<\/strong><\/span><\/p>\n<h1 style=\"text-align: left;\"><span style=\"color: #000000;\"><strong>Personalizaci\u00f3n de Env\u00edos<\/strong><\/span><\/h1>\n<p>[\/font_size]<\/p>\n<p>Cambio de packaging, inclusi\u00f3n de documentaci\u00f3n\/cat\u00e1logos o personalizando con la\u00a0propia marca antes del env\u00edo.<\/p>\n<p style=\"text-align: left;\">[font_size font_size=\u00a0\u00bb34px\u00a0\u00bb line_height=\u00a0\u00bb34px\u00a0\u00bb]<span style=\"color: #f34a53;\"><strong>\u00a0<\/strong><\/span><\/p>\n<h1 style=\"text-align: left;\"><span style=\"color: #000000;\"><strong>Env\u00edos combinados de diferentes proveedores<\/strong><\/span><\/h1>\n<p>[\/font_size]<\/p>\n<p>Tus clientes podr\u00e1n realizar compras combinadas dentro de tu tienda.<\/p>\n<p style=\"text-align: left;\">[font_size font_size=\u00a0\u00bb34px\u00a0\u00bb line_height=\u00a0\u00bb34px\u00a0\u00bb]<span style=\"color: #f34a53;\"><strong>\u00a0<\/strong><\/span><\/p>\n<h1 style=\"text-align: left;\"><span style=\"color: #000000;\"><strong>Protecci\u00f3n de proveedores frente a tus competidores<\/strong><\/span><\/h1>\n<p>[\/font_size]<\/p>\n<p>Sabemos lo costoso que resulta encontrar buenos proveedores. Tus competidores est\u00e1n a una compra de robarte todo tu know-how. Actuamos como filtro.<\/p>\n<p style=\"text-align: left;\">[font_size font_size=\u00a0\u00bb34px\u00a0\u00bb line_height=\u00a0\u00bb34px\u00a0\u00bb]<span style=\"color: #f34a53;\"><strong>\u00a0<\/strong><\/span><\/p>\n<h1 style=\"text-align: left;\"><span style=\"color: #000000;\"><strong>Mejora de precios de env\u00edo actuales<\/strong><\/span><\/h1>\n<p>[\/font_size]<\/p>\n<p>Nuestro volumen nos permite negociar mejores precios con las empresas de transporte.<\/p>\n<p style=\"text-align: center;\">[icons icon=\u00a0\u00bbcog\u00a0\u00bb size=\u00a0\u00bblarge\u00a0\u00bb type=\u00a0\u00bbcircle square\u00a0\u00bb icon_color=\u00a0\u00bb#f34a53&Prime; background_color=\u00a0\u00bb\u00a0\u00bb border_color=\u00a0\u00bb\u00a0\u00bb \/]<\/p>\n<p>[\/vc_column_text][\/vc_column][\/vc_row]<\/p>\n<p style=\"text-align: left;\">[vc_row][vc_column width=\u00a0\u00bb1\/1&Prime;][vc_column_text]<strong>Dispondr\u00e1 de un operario que manipular\u00e1 y agrupar\u00e1 los productos<\/strong> para su env\u00edo seg\u00fan las estipulaciones de su empresa.<\/p>\n<p style=\"text-align: left;\">Le permitir\u00e1 <strong>comprobar que la mercanc\u00eda recibida cumple con los controles de calidad que usted precisa<\/strong>, reclamar a los fabricantes los posibles errores, con el consiguiente ahorro de costes de env\u00edo y tiempo que hubiera supuesto si lo recibe en su destino.<\/p>\n<p style=\"text-align: left;\">Adem\u00e1s, ayudamos a encontrar m\u00e1s y mejores proveedores (f\u00e1bricas que no aparecen en plataformas online, y no hablan ingl\u00e9s), mejoramos las condiciones que se hayan pactado con los proveedores actuales. Tendr\u00e1s tu propio taller de desarrollo o personalizaci\u00f3n de los productos, te ayudamos a gestionar tus pagos a proveedores y\/o gestionamos la apertura de tu <a href=\"https:\/\/www.sedeenchina.com\/su-sede-en-hong-kong\/\">empresa en Hong Kong<\/a> para recibir tus pagos en un pa\u00eds con fiscalidad razonable.<\/p>\n<p style=\"text-align: left;\">[\/vc_column_text][\/vc_column][\/vc_row]<\/p>\n<p>[vc_row padding_top=\u00a0\u00bb0&Prime; padding_bottom=\u00a0\u00bb0&Prime;][vc_column width=\u00a0\u00bb2\/3&Prime;][vc_column_text]<\/p>\n<p style=\"text-align: left;\">_____________________________<\/p>\n<h3><span style=\"color: #f34a53;\"><strong>CONTACTA CON NOSOTROS<\/strong><\/span><\/h3>\n<p>[\/vc_column_text]<p class=\"gform_not_found\">A\u00efe ! Nous n\u2019avons pas retrouv\u00e9 votre formulaire.<\/p>[\/vc_column][vc_column last=\u00a0\u00bbyes\u00a0\u00bb width=\u00a0\u00bb1\/3&Prime;][vc_column_text]<\/p>\n<p><strong>Jinhua, Zhejiang. China<\/strong>[\/vc_column_text][splitter top=\u00a0\u00bb15&Prime; bottom=\u00a0\u00bb15&Prime;][vc_column_text]T. +86 579 8390 0728 [\/vc_column_text][splitter top=\u00a0\u00bb15&Prime; bottom=\u00a0\u00bb15&Prime;][vc_column_text]<\/p>\n<p><strong>TianHe, Guangzhou. China<br \/>\n<\/strong>[\/vc_column_text][splitter top=\u00a0\u00bb15&Prime; bottom=\u00a0\u00bb15&Prime;][vc_separator][vc_column_text]<span style=\"color: #f34a53;\"><strong>SedeenChina S.L -Yiwu<\/strong><\/span><\/p>\n<p><strong>Yiwu, Zhejiang. China<\/strong>[\/vc_column_text][splitter top=\u00a0\u00bb15&Prime; bottom=\u00a0\u00bb15&Prime;][vc_column_text]T. \uff0b86 579 8577 5592[\/vc_column_text][vc_separator][vc_column_text]<a href=\"mailto:contacto@sedeenchina.com\">contacto@sedeenchina.com<\/a><br \/>\n[\/vc_column_text][splitter top=\u00a0\u00bb15&Prime; bottom=\u00a0\u00bb15&Prime;][vc_column_text]<strong>Madrid<\/strong><br \/>\nspain@sedeenchina.com<br \/>\n+34 911 863 397<\/p>\n<p><span id=\"textomejoresNEGRO\"><strong>Dubai<\/strong><\/span><br \/>\n<span id=\"textomejores\">eros@sedeenchina.com<\/span><\/p>\n<p><span id=\"textomejoresNEGRO\"><strong>Finlandia<\/strong><\/span><br \/>\n<span id=\"textomejores\">sauvinen@sedeenchina.com<\/span><\/p>\n<p><span id=\"textomejoresNEGRO\"><strong>Chile<\/strong><\/span><br \/>\n<span id=\"textomejores\">chile@sedeenchina.com<\/span>[\/vc_column_text][social_links facebook=\u00a0\u00bbhttps:\/\/www.facebook.com\/sedeen.china\u00a0\u00bb twitter=\u00a0\u00bbhttps:\/\/twitter.com\/SedeenChina\u00a0\u00bb google_plus=\u00a0\u00bbhttps:\/\/plus.google.com\/u\/0\/b\/106840521142326539377\/?pageId=106840521142326539377&Prime; linkedin=\u00a0\u00bbhttps:\/\/www.linkedin.com\/company\/sedeenchina-co-ltd-\u00ab\u00a0][\/vc_column][\/vc_row]<\/p>\n","protected":false},"excerpt":{"rendered":"<p>[vc_row padding_top=\u00a0\u00bb0&Prime; padding_bottom=\u00a0\u00bb45&Prime;][vc_column width=\u00a0\u00bb1\/1&Prime;][vc_column_text] [icons icon=\u00a0\u00bbcog\u00a0\u00bb size=\u00a0\u00bblarge\u00a0\u00bb type=\u00a0\u00bbcircle square\u00a0\u00bb icon_color=\u00a0\u00bb#f34a53&Prime; background_color=\u00a0\u00bb\u00a0\u00bb border_color=\u00a0\u00bb\u00a0\u00bb \/] [font_size font_size=\u00a0\u00bb28px\u00a0\u00bb line_height=\u00a0\u00bb34px\u00a0\u00bb]\u00a0Dropshipping 2.0. Tu propia Central de Compras en China para diferenciarte de tus competidores[\/font_size] [font_size font_size=\u00a0\u00bb16px\u00a0\u00bb line_height=\u00a0\u00bb26px\u00a0\u00bb]Tu propio almac\u00e9n en China con personal occidental que entiende tus necesidades. [\/font_size] [font_size font_size=\u00a0\u00bb34px\u00a0\u00bb line_height=\u00a0\u00bb34px\u00a0\u00bb]\u00a0 Control de Calidad antes del env\u00edo [\/font_size] Localizaci\u00f3n [&hellip;]<\/p>\n","protected":false},"author":1,"featured_media":0,"parent":0,"menu_order":0,"comment_status":"closed","ping_status":"closed","template":"","meta":{"site-sidebar-layout":"default","site-content-layout":"","ast-site-content-layout":"default","site-content-style":"default","site-sidebar-style":"default","ast-global-header-display":"","ast-banner-title-visibility":"","ast-main-header-display":"","ast-hfb-above-header-display":"","ast-hfb-below-header-display":"","ast-hfb-mobile-header-display":"","site-post-title":"","ast-breadcrumbs-content":"","ast-featured-img":"","footer-sml-layout":"","ast-disable-related-posts":"","theme-transparent-header-meta":"","adv-header-id-meta":"","stick-header-meta":"","header-above-stick-meta":"","header-main-stick-meta":"","header-below-stick-meta":"","astra-migrate-meta-layouts":"default","ast-page-background-enabled":"default","ast-page-background-meta":{"desktop":{"background-color":"","background-image":"","background-repeat":"repeat","background-position":"center center","background-size":"auto","background-attachment":"scroll","background-type":"","background-media":"","overlay-type":"","overlay-color":"","overlay-opacity":"","overlay-gradient":""},"tablet":{"background-color":"","background-image":"","background-repeat":"repeat","background-position":"center center","background-size":"auto","background-attachment":"scroll","background-type":"","background-media":"","overlay-type":"","overlay-color":"","overlay-opacity":"","overlay-gradient":""},"mobile":{"background-color":"","background-image":"","background-repeat":"repeat","background-position":"center center","background-size":"auto","background-attachment":"scroll","background-type":"","background-media":"","overlay-type":"","overlay-color":"","overlay-opacity":"","overlay-gradient":""}},"ast-content-background-meta":{"desktop":{"background-color":"var(--ast-global-color-5)","background-image":"","background-repeat":"repeat","background-position":"center center","background-size":"auto","background-attachment":"scroll","background-type":"","background-media":"","overlay-type":"","overlay-color":"","overlay-opacity":"","overlay-gradient":""},"tablet":{"background-color":"var(--ast-global-color-5)","background-image":"","background-repeat":"repeat","background-position":"center center","background-size":"auto","background-attachment":"scroll","background-type":"","background-media":"","overlay-type":"","overlay-color":"","overlay-opacity":"","overlay-gradient":""},"mobile":{"background-color":"var(--ast-global-color-5)","background-image":"","background-repeat":"repeat","background-position":"center center","background-size":"auto","background-attachment":"scroll","background-type":"","background-media":"","overlay-type":"","overlay-color":"","overlay-opacity":"","overlay-gradient":""}},"footnotes":""},"class_list":["post-341","page","type-page","status-publish","hentry"],"_links":{"self":[{"href":"https:\/\/www.sedeenchina.com\/fr\/wp-json\/wp\/v2\/pages\/341","targetHints":{"allow":["GET"]}}],"collection":[{"href":"https:\/\/www.sedeenchina.com\/fr\/wp-json\/wp\/v2\/pages"}],"about":[{"href":"https:\/\/www.sedeenchina.com\/fr\/wp-json\/wp\/v2\/types\/page"}],"author":[{"embeddable":true,"href":"https:\/\/www.sedeenchina.com\/fr\/wp-json\/wp\/v2\/users\/1"}],"replies":[{"embeddable":true,"href":"https:\/\/www.sedeenchina.com\/fr\/wp-json\/wp\/v2\/comments?post=341"}],"version-history":[{"count":1,"href":"https:\/\/www.sedeenchina.com\/fr\/wp-json\/wp\/v2\/pages\/341\/revisions"}],"predecessor-version":[{"id":347,"href":"https:\/\/www.sedeenchina.com\/fr\/wp-json\/wp\/v2\/pages\/341\/revisions\/347"}],"wp:attachment":[{"href":"https:\/\/www.sedeenchina.com\/fr\/wp-json\/wp\/v2\/media?parent=341"}],"curies":[{"name":"wp","href":"https:\/\/api.w.org\/{rel}","templated":true}]}}